{"id":5592,"date":"2016-12-05T09:17:34","date_gmt":"2016-12-05T09:17:34","guid":{"rendered":"http:\/\/demo.wpzoom.com\/inspiro\/?page_id=5592"},"modified":"2023-08-23T06:30:42","modified_gmt":"2023-08-23T06:30:42","slug":"about","status":"publish","type":"page","link":"https:\/\/houses.aurema-group.com\/es\/about\/","title":{"rendered":"Acerca de"},"content":{"rendered":"<div data-elementor-type=\"wp-page\" data-elementor-id=\"5592\" class=\"elementor elementor-5592\">\n\t\t\t\t\t\t<section class=\"elementor-section elementor-top-section elementor-element elementor-element-6dd5e545 elementor-section-boxed elementor-section-height-default elementor-section-height-default\" data-id=\"6dd5e545\" data-element_type=\"section\">\n\t\t\t\t\t\t<div class=\"elementor-container elementor-column-gap-no\">\n\t\t\t\t\t<div class=\"elementor-column elementor-col-100 elementor-top-column elementor-element elementor-element-35934f08\" data-id=\"35934f08\" data-element_type=\"column\">\n\t\t\t<div class=\"elementor-widget-wrap elementor-element-populated\">\n\t\t\t\t\t\t<div class=\"elementor-element elementor-element-89ab21a elementor-widget elementor-widget-image\" data-id=\"89ab21a\" data-element_type=\"widget\" data-widget_type=\"image.default\">\n\t\t\t\t<div class=\"elementor-widget-container\">\n\t\t\t\t\t\t\t\t\t\t\t\t\t\t\t<img decoding=\"async\" src=\"https:\/\/houses.aurema-group.com\/wp-content\/uploads\/2023\/08\/elementor\/thumbs\/cropped-Hc029c02894654d92ae55197b3dfb34b2B-qb8vs3hwqqqsj4z1mdgdm78hen37fhx4q1pfadbpn6.jpg\" title=\"comprar casas baratas\" alt=\"buy cheap houses\" loading=\"lazy\" \/>\t\t\t\t\t\t\t\t\t\t\t\t\t\t\t<\/div>\n\t\t\t\t<\/div>\n\t\t\t\t<section class=\"elementor-section elementor-inner-section elementor-element elementor-element-7a19ee1 elementor-section-full_width elementor-section-height-default elementor-section-height-default\" data-id=\"7a19ee1\" data-element_type=\"section\">\n\t\t\t\t\t\t<div class=\"elementor-container elementor-column-gap-no\">\n\t\t\t\t\t<div class=\"elementor-column elementor-col-100 elementor-inner-column elementor-element elementor-element-371c4441\" data-id=\"371c4441\" data-element_type=\"column\">\n\t\t\t<div class=\"elementor-widget-wrap elementor-element-populated\">\n\t\t\t\t\t\t<div class=\"elementor-element elementor-element-14e4796c elementor-widget elementor-widget-text-editor\" data-id=\"14e4796c\" data-element_type=\"widget\" data-widget_type=\"text-editor.default\">\n\t\t\t\t<div class=\"elementor-widget-container\">\n\t\t\t\t\t\t\t\t\t<p>Dise\u00f1ar y crear casas ecol\u00f3gicas y prefabricadas es un enfoque innovador y sostenible de la vivienda. Las casas prefabricadas, a menudo denominadas casas prefabricadas o modulares, se construyen por secciones fuera de las instalaciones y luego se transportan al lugar definitivo para su montaje. Estas casas ofrecen varias ventajas, como la reducci\u00f3n del tiempo de construcci\u00f3n, el ahorro de costes y una mayor eficiencia energ\u00e9tica.<\/p><p>Para una empresa como la nuestra, especializada en casas ecol\u00f3gicas y prefabricadas, he aqu\u00ed algunos puntos clave a tener en cuenta:<\/p><p>Sostenibilidad y respeto por el medio ambiente: Destaque los aspectos ecol\u00f3gicos de sus casas. Haga hincapi\u00e9 en el uso de materiales sostenibles, dise\u00f1os energ\u00e9ticamente eficientes y pr\u00e1cticas de construcci\u00f3n responsables con el medio ambiente.<\/p><p>Est\u00e9tica del dise\u00f1o: Los dise\u00f1os \u00fanicos y atractivos pueden diferenciar sus casas de las construcciones tradicionales. Considere la posibilidad de ofrecer una gama de opciones de dise\u00f1o para adaptarse a los diferentes gustos y preferencias.<\/p><p>Personalizaci\u00f3n - Aunque las casas prefabricadas son conocidas por su eficiencia, ofrecer cierto grado de personalizaci\u00f3n puede resultar atractivo para los clientes que desean un toque personalizado en sus hogares.<\/p><p>Eficiencia energ\u00e9tica - Dado el enfoque ecol\u00f3gico, la integraci\u00f3n de fuentes de energ\u00eda renovables como los paneles solares y las tecnolog\u00edas de eficiencia energ\u00e9tica pueden aumentar a\u00fan m\u00e1s el atractivo de sus viviendas.<\/p><p>Reglamentos y permisos: Conozca bien los c\u00f3digos de construcci\u00f3n locales, las normativas y los requisitos de zonificaci\u00f3n. Las casas prefabricadas pueden tener consideraciones espec\u00edficas seg\u00fan la ubicaci\u00f3n.<\/p><p>Colaboraciones: Colabore con arquitectos, interioristas y otros profesionales para ofrecer soluciones integrales a sus clientes.<\/p><p>Control de calidad: es crucial mantener una calidad constante en las distintas secciones prefabricadas. Implemente un riguroso proceso de control de calidad para asegurarse de que cada vivienda cumple sus normas.<\/p><p>Atenci\u00f3n al cliente: Ofrecer un excelente servicio de atenci\u00f3n al cliente, desde la consulta inicial hasta la asistencia postventa, puede generar confianza y relaciones duraderas con sus clientes.<\/p><p>Certificaciones medioambientales: En funci\u00f3n de sus pr\u00e1cticas, considere la posibilidad de obtener certificaciones como LEED (Liderazgo en Energ\u00eda y Dise\u00f1o Medioambiental) para validar las credenciales ecol\u00f3gicas de sus viviendas.<\/p><p>Si tiene alguna pregunta espec\u00edfica o necesita asesoramiento sobre aspectos concretos de su negocio, \u00a1no dude en preguntarnos!<\/p>\t\t\t\t\t\t\t\t<\/div>\n\t\t\t\t<\/div>\n\t\t\t\t<div class=\"elementor-element elementor-element-69f4b5a8 elementor-align-center elementor-widget elementor-widget-button\" data-id=\"69f4b5a8\" data-element_type=\"widget\" data-widget_type=\"button.default\">\n\t\t\t\t<div class=\"elementor-widget-container\">\n\t\t\t\t\t\t\t\t\t<div class=\"elementor-button-wrapper\">\n\t\t\t\t\t<a class=\"elementor-button elementor-button-link elementor-size-md\" href=\"https:\/\/houses.aurema-group.com\/es\/contact\/\">\n\t\t\t\t\t\t<span class=\"elementor-button-content-wrapper\">\n\t\t\t\t\t\t\t\t\t<span class=\"elementor-button-text\">P\u00f3ngase en contacto<\/span>\n\t\t\t\t\t<\/span>\n\t\t\t\t\t<\/a>\n\t\t\t\t<\/div>\n\t\t\t\t\t\t\t\t<\/div>\n\t\t\t\t<\/div>\n\t\t\t\t\t<\/div>\n\t\t<\/div>\n\t\t\t\t\t<\/div>\n\t\t<\/section>\n\t\t\t\t\t<\/div>\n\t\t<\/div>\n\t\t\t\t\t<\/div>\n\t\t<\/section>\n\t\t\t\t<section class=\"elementor-section elementor-top-section elementor-element elementor-element-32cc1523 elementor-section-full_width elementor-section-height-default elementor-section-height-default\" data-id=\"32cc1523\" data-element_type=\"section\">\n\t\t\t\t\t\t<div class=\"elementor-container elementor-column-gap-default\">\n\t\t\t\t\t<div class=\"elementor-column elementor-col-100 elementor-top-column elementor-element elementor-element-7f5acc2a\" data-id=\"7f5acc2a\" data-element_type=\"column\" data-settings=\"{&quot;background_background&quot;:&quot;classic&quot;}\">\n\t\t\t<div class=\"elementor-widget-wrap elementor-element-populated\">\n\t\t\t\t\t\t<div class=\"elementor-element elementor-element-6a7652be elementor-widget elementor-widget-heading\" data-id=\"6a7652be\" data-element_type=\"widget\" data-widget_type=\"heading.default\">\n\t\t\t\t<div class=\"elementor-widget-container\">\n\t\t\t\t\t<h2 class=\"elementor-heading-title elementor-size-default\">Nuestra direcci\u00f3n<\/h2>\t\t\t\t<\/div>\n\t\t\t\t<\/div>\n\t\t\t\t<div class=\"elementor-element elementor-element-48d75f7a elementor-widget-tablet__width-inherit elementor-widget-mobile__width-inherit elementor-widget elementor-widget-text-editor\" data-id=\"48d75f7a\" data-element_type=\"widget\" data-widget_type=\"text-editor.default\">\n\t\t\t\t<div class=\"elementor-widget-container\">\n\t\t\t\t\t\t\t\t\t<p><a href=\"geo:0,0?q=1007+N+Orange+St.+4th+Floor++Suite++2223%2C+Wilmington%2C+%0A++++++++++++++++++++Delaware+19801\">1007 N Orange St. 4th Floor Suite 2223, Wilmington,<\/a><br \/><a href=\"geo:0,0?q=1007+N+Orange+St.+4th+Floor++Suite++2223%2C+Wilmington%2C+%0A++++++++++++++++++++Delaware+19801\">Delaware 19801<\/a>,<\/p>\t\t\t\t\t\t\t\t<\/div>\n\t\t\t\t<\/div>\n\t\t\t\t<div class=\"elementor-element elementor-element-64b5a347 elementor-widget elementor-widget-google_maps\" data-id=\"64b5a347\" data-element_type=\"widget\" data-widget_type=\"google_maps.default\">\n\t\t\t\t<div class=\"elementor-widget-container\">\n\t\t\t\t\t\t\t<div class=\"elementor-custom-embed\">\n\t\t\t<iframe loading=\"lazy\"\n\t\t\t\t\tsrc=\"https:\/\/maps.google.com\/maps?q=1007%20N%20Orange%20St.%204th%20Floor%20%20Suite%20%202223%2C%20Wilmington%2C%20Delaware%2019801%2C&#038;t=m&#038;z=16&#038;output=embed&#038;iwloc=near\"\n\t\t\t\t\ttitle=\"1007 N Orange St. 4th Floor Suite 2223, Wilmington, Delaware 19801,\"\n\t\t\t\t\taria-label=\"1007 N Orange St. 4th Floor Suite 2223, Wilmington, Delaware 19801,\"\n\t\t\t><\/iframe>\n\t\t<\/div>\n\t\t\t\t\t\t<\/div>\n\t\t\t\t<\/div>\n\t\t\t\t\t<\/div>\n\t\t<\/div>\n\t\t\t\t\t<\/div>\n\t\t<\/section>\n\t\t\t\t<\/div>\n\t\t<div style='text-align:center' class='yasr-auto-insert-visitor'><\/div>","protected":false},"excerpt":{"rendered":"<p>Designing and creating eco-friendly and prefab homes is an innovative and sustainable approach to housing. Manufactured homes, often referred to as prefab or modular homes, are built in sections off-site and then transported to the final location for assembly. These houses offer several benefits, such as reduced construction time, cost savings, and increased energy efficiency. &hellip; <\/p>\n<p class=\"link-more\"><a href=\"https:\/\/houses.aurema-group.com\/es\/about\/\" class=\"more-link\">Leer m\u00e1s<span class=\"screen-reader-text\"> \u00abAbout\u00bb<\/span><\/a><\/p>","protected":false},"author":1,"featured_media":0,"parent":0,"menu_order":0,"comment_status":"closed","ping_status":"closed","template":"page-templates\/full-width-builder-bb.php","meta":{"yasr_overall_rating":0,"yasr_post_is_review":"","yasr_auto_insert_disabled":"","yasr_review_type":"","footnotes":"","inspiro_hide_title":false},"aioseo_notices":[],"yasr_visitor_votes":{"stars_attributes":{"read_only":false,"span_bottom":false},"number_of_votes":0,"sum_votes":0},"_links":{"self":[{"href":"https:\/\/houses.aurema-group.com\/es\/wp-json\/wp\/v2\/pages\/5592"}],"collection":[{"href":"https:\/\/houses.aurema-group.com\/es\/wp-json\/wp\/v2\/pages"}],"about":[{"href":"https:\/\/houses.aurema-group.com\/es\/wp-json\/wp\/v2\/types\/page"}],"author":[{"embeddable":true,"href":"https:\/\/houses.aurema-group.com\/es\/wp-json\/wp\/v2\/users\/1"}],"replies":[{"embeddable":true,"href":"https:\/\/houses.aurema-group.com\/es\/wp-json\/wp\/v2\/comments?post=5592"}],"version-history":[{"count":21,"href":"https:\/\/houses.aurema-group.com\/es\/wp-json\/wp\/v2\/pages\/5592\/revisions"}],"predecessor-version":[{"id":6869,"href":"https:\/\/houses.aurema-group.com\/es\/wp-json\/wp\/v2\/pages\/5592\/revisions\/6869"}],"wp:attachment":[{"href":"https:\/\/houses.aurema-group.com\/es\/wp-json\/wp\/v2\/media?parent=5592"}],"curies":[{"name":"wp","href":"https:\/\/api.w.org\/{rel}","templated":true}]}}